{"id":9,"date":"2013-11-30T15:28:59","date_gmt":"2013-11-30T13:28:59","guid":{"rendered":"http:\/\/localhost\/wordpress\/?page_id=9"},"modified":"2024-04-10T22:14:40","modified_gmt":"2024-04-10T20:14:40","slug":"kindertagesstaette","status":"publish","type":"page","link":"https:\/\/www.hokido.de\/?page_id=9","title":{"rendered":"Kindertagesst\u00e4tte"},"content":{"rendered":"\n<p>Der HoKiDo hat vier Gruppen mit insgesamt 80 Kindern im Alter zwischen vier Monaten und sechs Jahren. Sie werden von einem Team mit 12 festen p\u00e4dagogischen MitarbeiterInnen betreut.<\/p>\n\n\n\n<p>In insgesamt f\u00fcnf Gruppenr\u00e4umen, einer gro\u00dfz\u00fcgigen Au\u00dfenanlage, der eigenen Turnhalle, thematisch ausgestatteten Nebenr\u00e4umen sowie gruppeneigenen Schlafr\u00e4umen k\u00f6nnen die Kinder Spielen, Toben, Basteln, Malen, Experimentieren, Ausruhen und vieles mehr.<\/p>\n\n\n\n<h3 class=\"wp-block-heading\">Anmeldung<\/h3>\n\n\n\n<p>Einzugsgebiet unserer Kita ist die Technische Universit\u00e4t Dortmund sowie die Firmen des Technologiezentrums. Die Einrichtung steht jedoch auch Kindern aus Dorstfeld und Barop offen. Einen Aufnahmeantrag k\u00f6nnen Sie <a href=\"http:\/\/www.hokido-acc.de\/wp-content\/uploads\/2016\/07\/Aufnahmeantrag-HoKiDo-ElterncafeStand-2.3.16.pdf\"><span style=\"text-decoration: underline;\">hier<\/span> <\/a>downloaden. <\/p>\n\n\n\n<h3 class=\"wp-block-heading\">Kosten \/ Beitr\u00e4ge<\/h3>\n\n\n\n<p>Der Beitrag an das Jugendamt bemisst sich wie bei allen Kindereinrichtungen in Dortmund nach dem Einkommen der Eltern. Hinzu kommt ein Beitrag zur Elterninitiative und das Essensgeld, zur Zeit insgesamt etwa 180 Euro pro Monat.<\/p>\n\n\n\n<h3 class=\"wp-block-heading\">Elterninitiative<\/h3>\n\n\n\n<p>Der HoKiDo als Elterninitiative lebt vom Engagement der Eltern. So sind alle zur Teilnahme an der Vollversammlung und an den Elternabenden (jeweils alle zwei Monate) aufgerufen. Des Weiteren besteht die Pflicht zur Leistung eines Elterndienstes, z.B. im Betreuungsdienst, Hausmeistert\u00e4tigkeiten u.\u00c4. im Umfang von 50 Stunden pro Jahr. Und nat\u00fcrlich sind alle Eltern angehalten, tatkr\u00e4ftige Unterst\u00fctzung bei der Organisation und beim Ablauf der j\u00e4hrlichen Veranstaltungen zu leisten.<\/p>\n\n\n\n<h3 class=\"wp-block-heading\">&nbsp;<\/h3>\n","protected":false},"excerpt":{"rendered":"<p>Der HoKiDo hat vier Gruppen mit insgesamt 80 Kindern im Alter zwischen vier Monaten und sechs Jahren. Sie werden von einem Team mit 12 festen p\u00e4dagogischen MitarbeiterInnen betreut. In insgesamt f\u00fcnf Gruppenr\u00e4umen, einer gro\u00dfz\u00fcgigen Au\u00dfenanlage, der eigenen Turnhalle, thematisch ausgestatteten Nebenr\u00e4umen sowie gruppeneigenen Schlafr\u00e4umen k\u00f6nnen die Kinder Spielen, Toben, Basteln, Malen, Experimentieren, Ausruhen und vieles [&hellip;]<\/p>\n","protected":false},"author":1,"featured_media":0,"parent":0,"menu_order":1,"comment_status":"closed","ping_status":"closed","template":"","meta":{"footnotes":""},"class_list":["post-9","page","type-page","status-publish","hentry"],"_links":{"self":[{"href":"https:\/\/www.hokido.de\/index.php?rest_route=\/wp\/v2\/pages\/9","targetHints":{"allow":["GET"]}}],"collection":[{"href":"https:\/\/www.hokido.de\/index.php?rest_route=\/wp\/v2\/pages"}],"about":[{"href":"https:\/\/www.hokido.de\/index.php?rest_route=\/wp\/v2\/types\/page"}],"author":[{"embeddable":true,"href":"https:\/\/www.hokido.de\/index.php?rest_route=\/wp\/v2\/users\/1"}],"replies":[{"embeddable":true,"href":"https:\/\/www.hokido.de\/index.php?rest_route=%2Fwp%2Fv2%2Fcomments&post=9"}],"version-history":[{"count":17,"href":"https:\/\/www.hokido.de\/index.php?rest_route=\/wp\/v2\/pages\/9\/revisions"}],"predecessor-version":[{"id":1759,"href":"https:\/\/www.hokido.de\/index.php?rest_route=\/wp\/v2\/pages\/9\/revisions\/1759"}],"wp:attachment":[{"href":"https:\/\/www.hokido.de\/index.php?rest_route=%2Fwp%2Fv2%2Fmedia&parent=9"}],"curies":[{"name":"wp","href":"https:\/\/api.w.org\/{rel}","templated":true}]}}