{"id":896,"date":"2017-05-31T13:38:43","date_gmt":"2017-05-31T11:38:43","guid":{"rendered":"http:\/\/www.hokido-acc.de\/?page_id=896"},"modified":"2024-04-16T10:05:39","modified_gmt":"2024-04-16T08:05:39","slug":"leitbild","status":"publish","type":"page","link":"https:\/\/www.hokido.de\/?page_id=896","title":{"rendered":"Leitbild"},"content":{"rendered":"\n<p>Unsere Aufgabe ist es, die uns anvertrauten Kinder auf ihrem fr\u00fchen Lebensweg bestm\u00f6glich zu unterst\u00fctzen und zu begleiten, so dass sie ihre F\u00e4higkeiten und Fertigkeiten, ihr Wissen und ihre soziale sowie kulturelle Kompetenz optimal entwickeln k\u00f6nnen. Wenn die Kinder uns verlassen, sollen sie selbstbewusste und hilfsbereite Menschen sein, welche die Bedeutung von Spa\u00df und Verantwortung in einer Gemeinschaft kennen und leben.<\/p>\n\n\n\n<p>Dieses Ziel erreichen wir nur durch eine intensive Erziehungspartnerschaft mit den Eltern.<br>Unserer P\u00e4dagogischen Haltung liegt ein Partizipationsverst\u00e4ndnis zugrunde, das alle Betroffenen zu aktiven Gestaltern und Akteuren ihrer Umwelten macht. Wir sind der \u00dcberzeugung, dass Erwachsene auf die Entwicklungspotenziale von Kindern vertrauen k\u00f6nnen und dass Kinder in selbstinitiierten, -gesteuerten und -geregelten Situationen optimale Lernvoraussetzungen f\u00fcr ihre pers\u00f6nliche Entwicklung finden k\u00f6nnen. Wir Erwachsenen sehen uns dabei in der Rolle als Begleiter, Lernpartner, Zuh\u00f6rer, Unterst\u00fctzer, Berater, Resonanzgeber und Coach.<\/p>\n\n\n\n<p>Unser p\u00e4dagogisches Konzept st\u00fctz sich auf die S\u00e4ulen der Reggiop\u00e4dagogik, der offenen Arbeit, der Montessori-P\u00e4dagogik sowie den Entwicklungstheorien von Jean Piaget.<\/p>\n","protected":false},"excerpt":{"rendered":"<p>Unsere Aufgabe ist es, die uns anvertrauten Kinder auf ihrem fr\u00fchen Lebensweg bestm\u00f6glich zu unterst\u00fctzen und zu begleiten, so dass sie ihre F\u00e4higkeiten und Fertigkeiten, ihr Wissen und ihre soziale sowie kulturelle Kompetenz optimal entwickeln k\u00f6nnen. Wenn die Kinder uns verlassen, sollen sie selbstbewusste und hilfsbereite Menschen sein, welche die Bedeutung von Spa\u00df und Verantwortung [&hellip;]<\/p>\n","protected":false},"author":1,"featured_media":592,"parent":9,"menu_order":1,"comment_status":"closed","ping_status":"closed","template":"","meta":{"footnotes":""},"class_list":["post-896","page","type-page","status-publish","has-post-thumbnail","hentry"],"_links":{"self":[{"href":"https:\/\/www.hokido.de\/index.php?rest_route=\/wp\/v2\/pages\/896","targetHints":{"allow":["GET"]}}],"collection":[{"href":"https:\/\/www.hokido.de\/index.php?rest_route=\/wp\/v2\/pages"}],"about":[{"href":"https:\/\/www.hokido.de\/index.php?rest_route=\/wp\/v2\/types\/page"}],"author":[{"embeddable":true,"href":"https:\/\/www.hokido.de\/index.php?rest_route=\/wp\/v2\/users\/1"}],"replies":[{"embeddable":true,"href":"https:\/\/www.hokido.de\/index.php?rest_route=%2Fwp%2Fv2%2Fcomments&post=896"}],"version-history":[{"count":3,"href":"https:\/\/www.hokido.de\/index.php?rest_route=\/wp\/v2\/pages\/896\/revisions"}],"predecessor-version":[{"id":1764,"href":"https:\/\/www.hokido.de\/index.php?rest_route=\/wp\/v2\/pages\/896\/revisions\/1764"}],"up":[{"embeddable":true,"href":"https:\/\/www.hokido.de\/index.php?rest_route=\/wp\/v2\/pages\/9"}],"wp:featuredmedia":[{"embeddable":true,"href":"https:\/\/www.hokido.de\/index.php?rest_route=\/wp\/v2\/media\/592"}],"wp:attachment":[{"href":"https:\/\/www.hokido.de\/index.php?rest_route=%2Fwp%2Fv2%2Fmedia&parent=896"}],"curies":[{"name":"wp","href":"https:\/\/api.w.org\/{rel}","templated":true}]}}