{"id":61,"date":"2013-11-30T21:54:05","date_gmt":"2013-11-30T19:54:05","guid":{"rendered":"http:\/\/localhost\/wordpress\/?page_id=61"},"modified":"2025-07-11T10:50:07","modified_gmt":"2025-07-11T08:50:07","slug":"impressum","status":"publish","type":"page","link":"https:\/\/www.hokido.de\/?page_id=61","title":{"rendered":"Impressum"},"content":{"rendered":"\n<p>Angaben gem\u00e4\u00df \u00a7 5 TMG:<br>HoKiDo Verein zur F\u00f6rderung einer Hochschulkindertagesst\u00e4tte e.V.<br>Emil-Figge-Stra\u00dfe 57<br>44227 Dortmund<\/p>\n\n\n\n<p><strong>Vertreten durch:<\/strong><br>1. Vorsitzender: Sarah K\u00f6cher<br>2. Vorsitzende: Bastian Stahlbuck<\/p>\n\n\n\n<p>Kontakt:<br>Telefon: +49 231 75771<br>E-Mail: info@hokido.de<\/p>\n\n\n\n<p><strong>Registereintrag:<\/strong><br>Eintragung im Vereinsregister. Registergericht: Vereinsregister Dortmund Registernummer: 2656<\/p>\n\n\n\n<p><strong>Steuernummer:<\/strong><br>315\/5791\/0145<\/p>\n\n\n\n<p><strong>Verantwortlich f\u00fcr den Inhalt nach \u00a7 55 Abs. 2 RStV:<\/strong><br>Sarah K\u00f6cher<br>c\/o HoKiDo e.V.<br>Emil-Figge-Stra\u00dfe 57<br>44227 Dortmund<\/p>\n\n\n\n<p><strong>Websitebetreiber<\/strong>:<br>Sarah K\u00f6cher<br>c\/o HoKiDo e.V.<br>Emil-Figge-Stra\u00dfe 57<br>44227 Dortmund<\/p>\n\n\n\n<p>Streitschlichtung<br>Die Europ\u00e4ische Kommission stellt eine Plattform zur Online-Streitbeilegung (OS) bereit: https:\/\/ec.europa.eu\/consumers\/odr. Unsere E-Mail-Adresse finden Sie oben im Impressum. Wir sind nicht bereit oder verpflichtet, an Streitbeilegungsverfahren vor einer Verbraucherschlichtungsstelle teilzunehmen.<\/p>\n\n\n\n<p>Haftung f\u00fcr Inhalte<br>Als Diensteanbieter sind wir gem\u00e4\u00df \u00a7 7 Abs.1 TMG f\u00fcr eigene Inhalte auf diesen Seiten nach den allgemeinen Gesetzen verantwortlich. Nach \u00a78 bis 10 TMG sind wir als Diensteanbieter jedoch nicht verpflichtet, \u00fcbermittelte oder gespeicherte fremde Informationen zu \u00dcberwachen oder nach Umst\u00e4nden zu forschen, die auf eine rechtswidrige T\u00e4tigkeit hinweisen.<br>Verpflichtungen zur Entfernung oder Sperrung der Nutzung von Informationen nach den allgemeinen Gesetzen bleiben hiervon unber\u00fchrt. Eine diesbez\u00fcgliche Haftung ist jedoch erst ab dem Zeitpunkt der Kenntnis einer konkreten Rechtsverletzung m\u00f6glich. Bei Bekanntwerden von entsprechenden Rechtsverletzungen werden wir diese Inhalte umgehend entfernen.<\/p>\n\n\n\n<p>Haftung f\u00fcr Links<br>Unser Angebot enth\u00e4lt Links zu externen Websites Dritter, auf deren Inhalte wir keinen Einfluss haben. Deshalb k\u00f6nnen wir f\u00fcr diese fremden Inhalte auch keine Gew\u00e4hr \u00fcbernehmen. F\u00fcr die Inhalte der verlinkten Seiten ist stets der jeweilige Anbieter oder Betreiber der Seiten verantwortlich. Die verlinkten Seiten wurden zum Zeitpunkt der Verlinkung auf m\u00f6gliche Rechtsversto\u00df \u00fcberpr\u00fcft. Rechtswidrige Inhalte waren zum Zeitpunkt der Verlinkung nicht erkennbar.<br>Eine permanente inhaltliche Kontrolle der verlinkten Seiten ist jedoch ohne konkrete Anhaltspunkte einer Rechtsverletzung nicht zumutbar. Bei Bekanntwerden von Rechtsverletzungen werden wir derartige Links umgehend entfernen.<\/p>\n\n\n\n<p>Urheberrecht<br>Die durch die Seitenbetreiber erstellten Inhalte und Werke auf diesen Seiten unterliegen dem deutschen Urheberrecht. Die Vervielf\u00e4ltigung, Bearbeitung, Verbreitung und jede Art der Verwertung au\u00dferhalb der Grenzen des Urheberrechtes bed\u00fcrfen der schriftlichen Zustimmung des jeweiligen Autors bzw. Erstellers. Downloads und Kopien dieser Seite sind nur f\u00fcr den privaten, nicht kommerziellen Gebrauch gestattet.<br>Soweit die Inhalte auf dieser Seite nicht vom Betreiber erstellt wurden, werden die Urheberrechte Dritter beachtet. Insbesondere werden Inhalte Dritter als solche gekennzeichnet. Sollten Sie trotzdem auf eine Urheberrechtsverletzung aufmerksam werden, bitten wir um einen entsprechenden Hinweis. Bei Bekanntwerden von Rechtsverletzungen werden wir derartige Inhalte umgehend entfernen.<\/p>\n\n\n\n<p>Haftungsauschluss<br>Die in unserem Internetangebot enthaltenen Informationen sind mit der gr\u00f6\u00dftm\u00f6glichen Sorgfalt erstellt worden. Wir \u00fcbernehmen jedoch keine Haftung f\u00fcr Vollst\u00e4ndigkeit und Richtigkeit.<br>Alle Hyperlinks, die sich auf www.hokido.de befinden, wurden von uns beim Setzen des Hyperlinks gepr\u00fcft. Wir haben allerdings keinen Einfluss auf die Gestaltung und Inhalte der verlinkten Seiten. Sollten Hyperlinks nicht erreichbar sein, rechtswidrige Seiten \u00fcber die Hyperlinks abrufbar sein oder sich die auf den Seiten befindlichen Inhalte ge\u00e4ndert haben, bitten wir um eine Mitteilung an info@hokido.de<\/p>\n","protected":false},"excerpt":{"rendered":"<p>Angaben gem\u00e4\u00df \u00a7 5 TMG:HoKiDo Verein zur F\u00f6rderung einer Hochschulkindertagesst\u00e4tte e.V.Emil-Figge-Stra\u00dfe 5744227 Dortmund Vertreten durch:1. Vorsitzender: Sarah K\u00f6cher2. Vorsitzende: Bastian Stahlbuck Kontakt:Telefon: +49 231 75771E-Mail: info@hokido.de Registereintrag:Eintragung im Vereinsregister. Registergericht: Vereinsregister Dortmund Registernummer: 2656 Steuernummer:315\/5791\/0145 Verantwortlich f\u00fcr den Inhalt nach \u00a7 55 Abs. 2 RStV:Sarah K\u00f6cherc\/o HoKiDo e.V.Emil-Figge-Stra\u00dfe 5744227 Dortmund Websitebetreiber:Sarah K\u00f6cherc\/o HoKiDo e.V.Emil-Figge-Stra\u00dfe 5744227 [&hellip;]<\/p>\n","protected":false},"author":1,"featured_media":0,"parent":0,"menu_order":5,"comment_status":"closed","ping_status":"closed","template":"","meta":{"footnotes":""},"class_list":["post-61","page","type-page","status-publish","hentry"],"_links":{"self":[{"href":"https:\/\/www.hokido.de\/index.php?rest_route=\/wp\/v2\/pages\/61","targetHints":{"allow":["GET"]}}],"collection":[{"href":"https:\/\/www.hokido.de\/index.php?rest_route=\/wp\/v2\/pages"}],"about":[{"href":"https:\/\/www.hokido.de\/index.php?rest_route=\/wp\/v2\/types\/page"}],"author":[{"embeddable":true,"href":"https:\/\/www.hokido.de\/index.php?rest_route=\/wp\/v2\/users\/1"}],"replies":[{"embeddable":true,"href":"https:\/\/www.hokido.de\/index.php?rest_route=%2Fwp%2Fv2%2Fcomments&post=61"}],"version-history":[{"count":15,"href":"https:\/\/www.hokido.de\/index.php?rest_route=\/wp\/v2\/pages\/61\/revisions"}],"predecessor-version":[{"id":1990,"href":"https:\/\/www.hokido.de\/index.php?rest_route=\/wp\/v2\/pages\/61\/revisions\/1990"}],"wp:attachment":[{"href":"https:\/\/www.hokido.de\/index.php?rest_route=%2Fwp%2Fv2%2Fmedia&parent=61"}],"curies":[{"name":"wp","href":"https:\/\/api.w.org\/{rel}","templated":true}]}}