{"id":59,"date":"2013-11-30T17:57:26","date_gmt":"2013-11-30T15:57:26","guid":{"rendered":"http:\/\/localhost\/wordpress\/?page_id=59"},"modified":"2026-01-19T21:57:53","modified_gmt":"2026-01-19T19:57:53","slug":"kurzzeitkinderbetreuung","status":"publish","type":"page","link":"https:\/\/www.hokido.de\/?page_id=59","title":{"rendered":"Kurzzeitkinderbetreuung"},"content":{"rendered":"\n<p>Die Kurzzeitkinderbetreuung (KuKi) ist ein Angebot f\u00fcr Kinder ab ca. 10 Monaten bis 4 Jahren. Sie richtet sich in erster Linie an Studierende und Besch\u00e4ftigte der TU Dortmund, kann aber ebenso von G\u00e4sten der Universit\u00e4t genutzt werden, die f\u00fcr ihre Kinder eine flexible Betreuung suchen.<\/p>\n\n\n\n<p>Die Kinder k\u00f6nnen die Spielgruppe regelm\u00e4\u00dfig oder flexibel besuchen. In \u00fcberschaubaren Gruppen von maximal 8 Kindern bieten unsere qualifizierten Fachkr\u00e4fte eine liebevolle, wertsch\u00e4tzende Betreuung und begleiten die Kinder individuell in ihrer Entwicklung.<\/p>\n\n\n\n<p><strong>Betreuungszeiten<\/strong><\/p>\n\n\n\n<p>Wir bieten verschiedene Betreuungszeiten von Montag bis Freitag an:<\/p>\n\n\n\n<ul class=\"wp-block-list\">\n<li>08:00 bis 12:00 Uhr<\/li>\n\n\n\n<li>08:30 bis 12:30 Uhr<\/li>\n\n\n\n<li>09:00 bis 13:00 Uhr<\/li>\n\n\n\n<li>10:00 bis 14:00 Uhr<\/li>\n\n\n\n<li>12:00 bis 16:00 Uhr<\/li>\n<\/ul>\n\n\n\n<p>Ein individueller Betreuungsbedarf au\u00dferhalb dieser Zeiten ist nach Absprache m\u00f6glich. Der t\u00e4gliche Betreuungsumfang darf dabei 4 Stunden nicht \u00fcberschreiten.<\/p>\n\n\n\n<p><strong>Kosten<\/strong><\/p>\n\n\n\n<figure class=\"wp-block-table is-style-stripes\"><table><tbody><tr><td>&nbsp;<\/td><td>Besch\u00e4ftigte \/ Angestellte der TU<\/td><td>&nbsp;<\/td><td>13,50 \u20ac pro Betreuungshalbtag<\/td><\/tr><tr><td>&nbsp;<\/td><td>Studierende der TU<\/td><td>&nbsp;<\/td><td>9,50 \u20ac pro Betreuungshalbtag<\/td><\/tr><tr><td>&nbsp;<\/td><td>Geschwistererm\u00e4\u00dfigung<\/td><td>&nbsp;<\/td><td>2 \u20ac pro Betreuungshalbtag<\/td><\/tr><\/tbody><\/table><\/figure>\n\n\n\n<p><strong>Bitte nehmen sie fr\u00fchzeitig Kontakt mit uns auf, um wichtige Fragen und Ihren Betreuungsbedarf zu kl\u00e4ren!<\/strong><\/p>\n\n\n\n<p>Ansprechpartnerin: <br>Rhona Remiorz<br>kuki@hokido.de, Tel.: +49 (0)231 18 74 515<\/p>\n\n\n\n<hr class=\"wp-block-separator has-css-opacity\"\/>\n\n\n\n<h3 class=\"wp-block-heading\"><em>English version<\/em> <img decoding=\"async\" style=\"vertical-align: text-top;\" src=\"http:\/\/www.hokido-acc.de\/wp-content\/uploads\/2015\/01\/uk.png\" alt=\"english version\" width=\"16\" border=\"0\"><\/h3>\n\n\n\n<p>The Short-term childcare (Kurzzeitkinderbetreuung in German or in short KuKi) is available for children aged approximately 10 months to 4 years. It is primarily aimed at students and employees of TU Dortmund University, but can also be used by guests of the university who are looking for flexible childcare for their children.<\/p>\n\n\n\n<p>Children can attend the playgroup on a regular or flexible basis. In small groups of no more than 8 children, our qualified staff provide loving, appreciative care and support the children individually in their development.<\/p>\n\n\n\n<p><strong>Care Times<\/strong><\/p>\n\n\n\n<p>We offer various childcare models from Monday to Friday:<\/p>\n\n\n\n<ul class=\"wp-block-list\">\n<li>8:00 a.m. to 12:00 p.m.<\/li>\n\n\n\n<li>8:30 a.m. to 12:30 p.m.<\/li>\n\n\n\n<li>9:00 a.m. to 1:00 p.m.<\/li>\n\n\n\n<li>10:00 a.m. to 2:00 p.m.<\/li>\n\n\n\n<li>12:00 p.m. to 4:00 p.m.<\/li>\n<\/ul>\n\n\n\n<p><strong> <\/strong>Individual childcare outside these hours is possible by arrangement. The daily childcare period may not exceed 4 hours.<\/p>\n\n\n\n<p><strong>Costs<\/strong><\/p>\n\n\n\n<figure class=\"wp-block-table is-style-stripes\"><table><tbody><tr><td>TU staff<\/td><td>&nbsp;<\/td><td>13,50 \u20ac<\/td><\/tr><tr><td>TU students<\/td><td>&nbsp;<\/td><td>9,50 \u20ac<\/td><\/tr><tr><td>Siblings discount<\/td><td>&nbsp;<\/td><td>2 \u20ac<\/td><\/tr><\/tbody><\/table><\/figure>\n\n\n\n<p><strong>Please contact us as early as possible to discuss important questions and your personal day care requirements!<\/strong><\/p>\n\n\n\n<p>Contact: <br>kuki@hokido.de, Phone: +49 (0) 231 18 74 515<\/p>\n\n\n\n<p><\/p>\n","protected":false},"excerpt":{"rendered":"<p>Die Kurzzeitkinderbetreuung (KuKi) ist ein Angebot f\u00fcr Kinder ab ca. 10 Monaten bis 4 Jahren. Sie richtet sich in erster Linie an Studierende und Besch\u00e4ftigte der TU Dortmund, kann aber ebenso von G\u00e4sten der Universit\u00e4t genutzt werden, die f\u00fcr ihre Kinder eine flexible Betreuung suchen. Die Kinder k\u00f6nnen die Spielgruppe regelm\u00e4\u00dfig oder flexibel besuchen. In [&hellip;]<\/p>\n","protected":false},"author":1287,"featured_media":0,"parent":15,"menu_order":0,"comment_status":"closed","ping_status":"open","template":"","meta":{"footnotes":""},"class_list":["post-59","page","type-page","status-publish","hentry"],"_links":{"self":[{"href":"https:\/\/www.hokido.de\/index.php?rest_route=\/wp\/v2\/pages\/59","targetHints":{"allow":["GET"]}}],"collection":[{"href":"https:\/\/www.hokido.de\/index.php?rest_route=\/wp\/v2\/pages"}],"about":[{"href":"https:\/\/www.hokido.de\/index.php?rest_route=\/wp\/v2\/types\/page"}],"author":[{"embeddable":true,"href":"https:\/\/www.hokido.de\/index.php?rest_route=\/wp\/v2\/users\/1287"}],"replies":[{"embeddable":true,"href":"https:\/\/www.hokido.de\/index.php?rest_route=%2Fwp%2Fv2%2Fcomments&post=59"}],"version-history":[{"count":25,"href":"https:\/\/www.hokido.de\/index.php?rest_route=\/wp\/v2\/pages\/59\/revisions"}],"predecessor-version":[{"id":2032,"href":"https:\/\/www.hokido.de\/index.php?rest_route=\/wp\/v2\/pages\/59\/revisions\/2032"}],"up":[{"embeddable":true,"href":"https:\/\/www.hokido.de\/index.php?rest_route=\/wp\/v2\/pages\/15"}],"wp:attachment":[{"href":"https:\/\/www.hokido.de\/index.php?rest_route=%2Fwp%2Fv2%2Fmedia&parent=59"}],"curies":[{"name":"wp","href":"https:\/\/api.w.org\/{rel}","templated":true}]}}