{"id":56,"date":"2013-11-30T17:52:25","date_gmt":"2013-11-30T15:52:25","guid":{"rendered":"http:\/\/localhost\/wordpress\/?page_id=56"},"modified":"2025-10-23T21:13:24","modified_gmt":"2025-10-23T19:13:24","slug":"elterncafe","status":"publish","type":"page","link":"https:\/\/www.hokido.de\/?page_id=56","title":{"rendered":"Elterncaf\u00e9"},"content":{"rendered":"\n<p>Liebe Eltern!<br>wir laden euch herzlich zu unserem <strong>HoKiDo Elterncaf\u00e9<\/strong>\u00a0ein. Hier habt ihr die M\u00f6glichkeit, in entspannter Atmosph\u00e4re bei Kaffee und Kuchen miteinander ins Gespr\u00e4ch zu kommen.<\/p>\n\n\n\n<p>Selbstverst\u00e4ndlich k\u00f6nnen eure Kinder mitkommen. Geschwisterkinder sind ebenso willkommen \u2013 bitte beachtet, dass die Aufsichtspflicht bei den Eltern liegt.<\/p>\n\n\n\n<h3 class=\"wp-block-heading\">Termine im KuKi-Raum (jeweils ab 15 Uhr):<\/h3>\n\n\n\n<ul class=\"wp-block-list\">\n<li>Dienstag, 23. September 2025<\/li>\n\n\n\n<li>Donnerstag, 16. Oktober 2025<\/li>\n\n\n\n<li>Mittwoch, 19. November 2025<\/li>\n\n\n\n<li>Donnerstag, 11. Dezember 2025<\/li>\n\n\n\n<li>Dienstag, 13. Januar 2026<\/li>\n\n\n\n<li>Donnerstag, 19. Februar 2026<\/li>\n\n\n\n<li>Mittwoch, 18. M\u00e4rz 2026<\/li>\n\n\n\n<li>Mittwoch, 1. April 2026 (<em>kein Scherz<\/em>)<\/li>\n\n\n\n<li>Dienstag, 12. Mai 2026<\/li>\n\n\n\n<li>Donnerstag, 18. Juni 2026<\/li>\n<\/ul>\n\n\n\n<p>Bei Fragen, Anregungen oder W\u00fcnschen sprecht uns gerne an.<\/p>\n\n\n\n<p>Euer Elterncaf\u00e9-Team<br>\u00d6zlem, Kiki, Kadriye\u00a0und Barbara\u00a0<\/p>\n\n\n\n<hr class=\"wp-block-separator has-css-opacity\"\/>\n\n\n\n<h5 class=\"wp-block-heading\"><em>English version<\/em> <img decoding=\"async\" style=\"vertical-align: text-top;\" src=\"http:\/\/www.hokido-acc.de\/wp-content\/uploads\/2015\/01\/uk.png\" alt=\"english version\" width=\"16\" border=\"0\"><\/h5>\n\n\n\n<p>Dear parents!<br>We would like to invite you to our <strong>HoKiDo Parents&#8216; Caf\u00e9<\/strong>. Here you will have the opportunity to chat with each other in a relaxed atmosphere over coffee and cake.<\/p>\n\n\n\n<p>Of course, your children are welcome to come along. Siblings are also welcome \u2013 please note that parents are responsible for supervising their children.<\/p>\n\n\n\n<h3 class=\"wp-block-heading\">Dates in the KuKi room (from 3 p.m. each day):<\/h3>\n\n\n\n<ul class=\"wp-block-list\">\n<li>Tuesday, 23 September 2025<\/li>\n\n\n\n<li>Thursday, 16 October 2025<\/li>\n\n\n\n<li>Wednesday, 19 November 2025<\/li>\n\n\n\n<li>Thursday, 11 December 2025<\/li>\n\n\n\n<li>Tuesday, 13 January 2026<\/li>\n\n\n\n<li>Thursday, 19 February 2026<\/li>\n\n\n\n<li>Wednesday, 18 March 2026<\/li>\n\n\n\n<li>Wednesday, 1 April 2026 (<em>no joke<\/em>)<\/li>\n\n\n\n<li>Tuesday, 12 May 2026<\/li>\n\n\n\n<li>Thursday, 18 June 2026<\/li>\n<\/ul>\n\n\n\n<p>If you have any questions, suggestions or requests, please do not hesitate to contact us.<\/p>\n\n\n\n<p>Your Parents&#8216; Caf\u00e9 Team<br>\u00d6zlem, Kiki, Kadriye\u00a0und Barbara\u00a0<\/p>\n","protected":false},"excerpt":{"rendered":"<p>Liebe Eltern!wir laden euch herzlich zu unserem HoKiDo Elterncaf\u00e9\u00a0ein. Hier habt ihr die M\u00f6glichkeit, in entspannter Atmosph\u00e4re bei Kaffee und Kuchen miteinander ins Gespr\u00e4ch zu kommen. Selbstverst\u00e4ndlich k\u00f6nnen eure Kinder mitkommen. Geschwisterkinder sind ebenso willkommen \u2013 bitte beachtet, dass die Aufsichtspflicht bei den Eltern liegt. Termine im KuKi-Raum (jeweils ab 15 Uhr): Bei Fragen, Anregungen [&hellip;]<\/p>\n","protected":false},"author":1287,"featured_media":0,"parent":15,"menu_order":2,"comment_status":"closed","ping_status":"open","template":"","meta":{"footnotes":""},"class_list":["post-56","page","type-page","status-publish","hentry"],"_links":{"self":[{"href":"https:\/\/www.hokido.de\/index.php?rest_route=\/wp\/v2\/pages\/56","targetHints":{"allow":["GET"]}}],"collection":[{"href":"https:\/\/www.hokido.de\/index.php?rest_route=\/wp\/v2\/pages"}],"about":[{"href":"https:\/\/www.hokido.de\/index.php?rest_route=\/wp\/v2\/types\/page"}],"author":[{"embeddable":true,"href":"https:\/\/www.hokido.de\/index.php?rest_route=\/wp\/v2\/users\/1287"}],"replies":[{"embeddable":true,"href":"https:\/\/www.hokido.de\/index.php?rest_route=%2Fwp%2Fv2%2Fcomments&post=56"}],"version-history":[{"count":21,"href":"https:\/\/www.hokido.de\/index.php?rest_route=\/wp\/v2\/pages\/56\/revisions"}],"predecessor-version":[{"id":2015,"href":"https:\/\/www.hokido.de\/index.php?rest_route=\/wp\/v2\/pages\/56\/revisions\/2015"}],"up":[{"embeddable":true,"href":"https:\/\/www.hokido.de\/index.php?rest_route=\/wp\/v2\/pages\/15"}],"wp:attachment":[{"href":"https:\/\/www.hokido.de\/index.php?rest_route=%2Fwp%2Fv2%2Fmedia&parent=56"}],"curies":[{"name":"wp","href":"https:\/\/api.w.org\/{rel}","templated":true}]}}