{"id":50,"date":"2013-11-30T17:48:27","date_gmt":"2013-11-30T15:48:27","guid":{"rendered":"http:\/\/localhost\/wordpress\/?page_id=50"},"modified":"2024-07-31T20:55:11","modified_gmt":"2024-07-31T18:55:11","slug":"thema-bewegung-in-kooperation-mit-der-tu-dortmund","status":"publish","type":"page","link":"https:\/\/www.hokido.de\/?page_id=50","title":{"rendered":"Schwerpunkt Bewegung"},"content":{"rendered":"<p><img loading=\"lazy\" decoding=\"async\" class=\"alignnone size-medium wp-image-120\" src=\"http:\/\/hokido.hahnel.pro\/wordpress\/wp-content\/uploads\/2013\/11\/DSC_1795-300x200.jpg\" alt=\"Bewegungskindergarten\" width=\"300\" height=\"200\" srcset=\"https:\/\/www.hokido.de\/wp-content\/uploads\/2013\/11\/DSC_1795-300x200.jpg 300w, https:\/\/www.hokido.de\/wp-content\/uploads\/2013\/11\/DSC_1795-624x417.jpg 624w, https:\/\/www.hokido.de\/wp-content\/uploads\/2013\/11\/DSC_1795.jpg 768w\" sizes=\"auto, (max-width: 300px) 100vw, 300px\" \/><\/p>\n<p>Der Bildungsbereich Bewegung ist bei uns seit der Gr\u00fcndung ein Schwerpunkt unserer Arbeit. Uns ist es wichtig<\/p>\n<ul>\n<li>die Kinderwelten als Bewegungswelten zu realisieren,<\/li>\n<li>Gesundheits- und Bildungschancen zu schaffen,<\/li>\n<li>Bewegung und gesunde Ern\u00e4hrung spielerisch im Alltag der Kindertageseinrichtungen zu verankern,<\/li>\n<li>P\u00e4dagogische Fachkr\u00e4fte zu unterst\u00fctzen,<\/li>\n<li>Eltern zu motivieren und<\/li>\n<li>Netzwerke zu bilden.<\/li>\n<\/ul>\n<p>Wir realisieren diesen Bildungsbereich unter anderem sehr intensiv \u00fcber unsere Kooperationspartner, wie z.B. dem Bewegungsambulatorium.<br \/>\nDurch die N\u00e4he zur Universit\u00e4t pflegen wir eine enge Zusammenarbeit mit Professor\/inn\/en und Studenten (u.a. des Studiengangs Soziale Arbeit aus dem Fachbereich Angewandte Sozialwissenschaften), die regelm\u00e4\u00dfig zu uns kommen und Bewegungslandschaften aufbauen.<br \/>\nAuch im Rahmen des Familienzentrums bildet die Bewegung einen wesentlichen Schwerpunkt f\u00fcr uns. Regelm\u00e4\u00dfig bieten wir hier Aktionen f\u00fcr Eltern oder Eltern und Kinder an, die in diesen Bereich fallen.<br \/>\nF\u00fcr die Entwicklung der Gesamtpers\u00f6nlichkeit sowie der Intelligenz sind viel Bewegung und umfassende Wahrnehmungsanreize (Sensomotorik) von entscheidender Bedeutung.<\/p>\n<h3>Unsere Ziele<\/h3>\n<ul>\n<li>Das Kennenlernen und Einsch\u00e4tzen des eigenen K\u00f6rpers, der pers\u00f6nlichen F\u00e4higkeiten und Kr\u00e4fte<\/li>\n<li>Freude zu entwickeln, immer wieder auch an die eigenen Grenzen zu kommen und diese zu \u00fcberwinden<\/li>\n<li>Ein geschultes Wahrnehmungsverm\u00f6gen sowie eine wache, sensible und schnelle Reaktionsf\u00e4higkeit zu entwickeln<\/li>\n<li>Einen gut entwickelten Muskelapparat, ein gutes Raum- und Gleichgewichtsgef\u00fchl und koordinierte Bewegungen zu erlangen<\/li>\n<li>Verantwortungsvolles Umgehen mit dem eigenen K\u00f6rper zu erlernen<\/li>\n<li>Selbstbewusstes und starkes Auftreten zu praktizieren.<\/li>\n<\/ul>\n","protected":false},"excerpt":{"rendered":"<p>Der Bildungsbereich Bewegung ist bei uns seit der Gr\u00fcndung ein Schwerpunkt unserer Arbeit. Uns ist es wichtig die Kinderwelten als Bewegungswelten zu realisieren, Gesundheits- und Bildungschancen zu schaffen, Bewegung und gesunde Ern\u00e4hrung spielerisch im Alltag der Kindertageseinrichtungen zu verankern, P\u00e4dagogische Fachkr\u00e4fte zu unterst\u00fctzen, Eltern zu motivieren und Netzwerke zu bilden. Wir realisieren diesen Bildungsbereich unter [&hellip;]<\/p>\n","protected":false},"author":1,"featured_media":0,"parent":9,"menu_order":1,"comment_status":"closed","ping_status":"closed","template":"","meta":{"footnotes":""},"class_list":["post-50","page","type-page","status-publish","hentry"],"_links":{"self":[{"href":"https:\/\/www.hokido.de\/index.php?rest_route=\/wp\/v2\/pages\/50","targetHints":{"allow":["GET"]}}],"collection":[{"href":"https:\/\/www.hokido.de\/index.php?rest_route=\/wp\/v2\/pages"}],"about":[{"href":"https:\/\/www.hokido.de\/index.php?rest_route=\/wp\/v2\/types\/page"}],"author":[{"embeddable":true,"href":"https:\/\/www.hokido.de\/index.php?rest_route=\/wp\/v2\/users\/1"}],"replies":[{"embeddable":true,"href":"https:\/\/www.hokido.de\/index.php?rest_route=%2Fwp%2Fv2%2Fcomments&post=50"}],"version-history":[{"count":16,"href":"https:\/\/www.hokido.de\/index.php?rest_route=\/wp\/v2\/pages\/50\/revisions"}],"predecessor-version":[{"id":1807,"href":"https:\/\/www.hokido.de\/index.php?rest_route=\/wp\/v2\/pages\/50\/revisions\/1807"}],"up":[{"embeddable":true,"href":"https:\/\/www.hokido.de\/index.php?rest_route=\/wp\/v2\/pages\/9"}],"wp:attachment":[{"href":"https:\/\/www.hokido.de\/index.php?rest_route=%2Fwp%2Fv2%2Fmedia&parent=50"}],"curies":[{"name":"wp","href":"https:\/\/api.w.org\/{rel}","templated":true}]}}