{"id":391,"date":"2014-02-05T22:22:43","date_gmt":"2014-02-05T20:22:43","guid":{"rendered":"http:\/\/hokido.hahnel.pro\/wordpress\/?page_id=391"},"modified":"2025-03-24T08:27:11","modified_gmt":"2025-03-24T06:27:11","slug":"kooperationspartner","status":"publish","type":"page","link":"https:\/\/www.hokido.de\/?page_id=391","title":{"rendered":"Kooperationspartner"},"content":{"rendered":"\n<ul class=\"wp-block-list\">\n<li>TU Dortmund<\/li>\n\n\n\n<li>TU Dortmund Bewegungsambulatorium<\/li>\n\n\n\n<li>TU Dortmund Sprachambulatorium<\/li>\n\n\n\n<li>KEFB Dortmund<\/li>\n\n\n\n<li>Gro\u00dftagespflegestelle &#8222;Schlauschl\u00fcmpfe&#8220; auf dem Campus<\/li>\n\n\n\n<li>Hallenbad Hombruch<\/li>\n\n\n\n<li>DLRG Dortmund<\/li>\n\n\n\n<li>Musikschule Dortmund<\/li>\n\n\n\n<li>Familienb\u00fcro Hombruch<\/li>\n\n\n\n<li>Kita im Gr\u00fcnen<\/li>\n<\/ul>\n\n\n\n<p><\/p>\n\n\n\n<p>Der HoKiDo e.V. lebt auch von Ihrer Unterst\u00fctzung! Wir freuen uns \u00fcber jede Spende, die uns zugedacht wird. Insbesondere m\u00f6chten wir uns bedanken bei:<\/p>\n\n\n\n<hr class=\"wp-block-separator has-css-opacity\"\/>\n\n\n\n<p>Vielen Dank an den &#8222;Lions Clubs Unna Via Regis&#8220; f\u00fcr die Kinderbuch-Spende<\/p>\n\n\n\n<hr class=\"wp-block-separator has-css-opacity\"\/>\n\n\n<div class=\"wp-block-image\">\n<figure class=\"aligncenter size-full\"><a href=\"https:\/\/www.hokido.de\/wp-content\/uploads\/2014\/02\/lions_club.gif\"><img loading=\"lazy\" decoding=\"async\" width=\"133\" height=\"126\" src=\"https:\/\/www.hokido.de\/wp-content\/uploads\/2014\/02\/lions_club.gif\" alt=\"\" class=\"wp-image-417\"\/><\/a><figcaption class=\"wp-element-caption\">Lions Club<\/figcaption><\/figure><\/div>\n\n\n<hr class=\"wp-block-separator has-css-opacity\"\/>\n\n\n\n<p>Vielen Dank an den Rotarischen Stammtisch &#8222;Wissenschafts- und Technologiecampus Dortmund&#8220; f\u00fcr die Spende an den HOKIDO e.V.<\/p>\n\n\n<div class=\"wp-block-image\">\n<figure class=\"aligncenter size-full\"><a href=\"https:\/\/www.hokido.de\/wp-content\/uploads\/2021\/11\/831_dortmund-hoerde.png\"><img loading=\"lazy\" decoding=\"async\" width=\"310\" height=\"94\" src=\"https:\/\/www.hokido.de\/wp-content\/uploads\/2021\/11\/831_dortmund-hoerde.png\" alt=\"\" class=\"wp-image-1582\" srcset=\"https:\/\/www.hokido.de\/wp-content\/uploads\/2021\/11\/831_dortmund-hoerde.png 310w, https:\/\/www.hokido.de\/wp-content\/uploads\/2021\/11\/831_dortmund-hoerde-300x91.png 300w\" sizes=\"auto, (max-width: 310px) 100vw, 310px\" \/><\/a><figcaption class=\"wp-element-caption\">Rotary Club Dortmund-H\u00f6rde<\/figcaption><\/figure><\/div>\n\n\n<hr class=\"wp-block-separator has-css-opacity\"\/>\n\n\n\n<p>Vielen Dank an &#8222;Frau Risse-Stock&#8220; f\u00fcr den wundersch\u00f6nen Weihnachtsbaum!<\/p>\n\n\n<div class=\"wp-block-image\">\n<figure class=\"aligncenter is-resized\"><a href=\"http:\/\/www.hokido-acc.de\/wp-content\/uploads\/2018\/01\/Logo_Blumen_Risse.jpg\"><img loading=\"lazy\" decoding=\"async\" width=\"300\" height=\"227\" src=\"http:\/\/www.hokido-acc.de\/wp-content\/uploads\/2018\/01\/Logo_Blumen_Risse-300x227.jpg\" alt=\"\" class=\"wp-image-927\" style=\"width:213px;height:161px\" srcset=\"https:\/\/www.hokido.de\/wp-content\/uploads\/2018\/01\/Logo_Blumen_Risse-300x227.jpg 300w, https:\/\/www.hokido.de\/wp-content\/uploads\/2018\/01\/Logo_Blumen_Risse-768x582.jpg 768w, https:\/\/www.hokido.de\/wp-content\/uploads\/2018\/01\/Logo_Blumen_Risse-624x473.jpg 624w, https:\/\/www.hokido.de\/wp-content\/uploads\/2018\/01\/Logo_Blumen_Risse.jpg 1006w\" sizes=\"auto, (max-width: 300px) 100vw, 300px\" \/><\/a><\/figure><\/div>\n\n\n<hr class=\"wp-block-separator has-css-opacity\"\/>\n\n\n\n<p>Vielen Dank an den &#8222;Hellweg Baumarkt&#8220;!<\/p>\n\n\n<div class=\"wp-block-image\">\n<figure class=\"aligncenter size-full\"><a href=\"https:\/\/www.hokido.de\/wp-content\/uploads\/2014\/02\/hellweg.gif\"><img loading=\"lazy\" decoding=\"async\" width=\"366\" height=\"117\" src=\"https:\/\/www.hokido.de\/wp-content\/uploads\/2014\/02\/hellweg.gif\" alt=\"\" class=\"wp-image-430\"\/><\/a><figcaption class=\"wp-element-caption\">Hellweg<\/figcaption><\/figure><\/div>\n\n\n<hr class=\"wp-block-separator has-css-opacity\"\/>\n\n\n\n<p>Herzlichen Dank an die &#8222;Fa. Kirchhoff Recycling + Container&#8220; f\u00fcr die gro\u00dfz\u00fcgige Unterst\u00fctzung.<\/p>\n\n\n\n<figure class=\"wp-block-image size-full is-resized\"><a href=\"https:\/\/www.hokido.de\/wp-content\/uploads\/2021\/11\/kirchhoff-logo.png\"><img loading=\"lazy\" decoding=\"async\" width=\"827\" height=\"177\" src=\"https:\/\/www.hokido.de\/wp-content\/uploads\/2021\/11\/kirchhoff-logo.png\" alt=\"\" class=\"wp-image-1580\" style=\"width:655px;height:140px\" srcset=\"https:\/\/www.hokido.de\/wp-content\/uploads\/2021\/11\/kirchhoff-logo.png 827w, https:\/\/www.hokido.de\/wp-content\/uploads\/2021\/11\/kirchhoff-logo-300x64.png 300w, https:\/\/www.hokido.de\/wp-content\/uploads\/2021\/11\/kirchhoff-logo-768x164.png 768w, https:\/\/www.hokido.de\/wp-content\/uploads\/2021\/11\/kirchhoff-logo-624x134.png 624w\" sizes=\"auto, (max-width: 827px) 100vw, 827px\" \/><\/a><figcaption class=\"wp-element-caption\">  Kirchhoff Recycling + Container <\/figcaption><\/figure>\n\n\n\n<hr class=\"wp-block-separator has-css-opacity\"\/>\n\n\n\n<p>Vielen Dank an &#8222;B.B.F. Berufsbekleidung Fricke e.K. (Bj\u00f6rn Fricke)&#8220; f\u00fcr die Desinfektionsmittelspende w\u00e4hrend der Corona-Krise.<\/p>\n\n\n<div class=\"wp-block-image\">\n<figure class=\"aligncenter size-full\"><a href=\"https:\/\/www.hokido.de\/wp-content\/uploads\/2021\/11\/index.png\"><img loading=\"lazy\" decoding=\"async\" width=\"180\" height=\"180\" src=\"https:\/\/www.hokido.de\/wp-content\/uploads\/2021\/11\/index.png\" alt=\"\" class=\"wp-image-1581\" srcset=\"https:\/\/www.hokido.de\/wp-content\/uploads\/2021\/11\/index.png 180w, https:\/\/www.hokido.de\/wp-content\/uploads\/2021\/11\/index-150x150.png 150w\" sizes=\"auto, (max-width: 180px) 100vw, 180px\" \/><\/a><\/figure><\/div>\n\n\n<hr class=\"wp-block-separator has-css-opacity\"\/>\n\n\n\n<p>Wir sind durch das Finanzamt als gemeinn\u00fctzig anerkannt. F\u00fcr jede Spende kann eine entsprechende Spendenquittung ausgestellt werden, die von den Finanz\u00e4mtern anerkannt wird. Die Kontoverbindung f\u00fcr unser Spendenkonto teilen wir auf Anfrage gerne mit.<\/p>\n\n\n\n<p>Bereits jetzt bedanken wir uns insbesondere im Namen unserer Kinder recht herzlich f\u00fcr Ihre Spende! Neben direkten Geld- und Sachspenden k\u00f6nnen Sie auch durch Ihre Eink\u00e4ufe im Internet \u00fcber Schulengel.de dem HoKiDo helfen.<\/p>\n","protected":false},"excerpt":{"rendered":"<p>Der HoKiDo e.V. lebt auch von Ihrer Unterst\u00fctzung! Wir freuen uns \u00fcber jede Spende, die uns zugedacht wird. Insbesondere m\u00f6chten wir uns bedanken bei: Vielen Dank an den &#8222;Lions Clubs Unna Via Regis&#8220; f\u00fcr die Kinderbuch-Spende Vielen Dank an den Rotarischen Stammtisch &#8222;Wissenschafts- und Technologiecampus Dortmund&#8220; f\u00fcr die Spende an den HOKIDO e.V. Vielen Dank [&hellip;]<\/p>\n","protected":false},"author":1,"featured_media":0,"parent":9,"menu_order":4,"comment_status":"closed","ping_status":"open","template":"","meta":{"footnotes":""},"class_list":["post-391","page","type-page","status-publish","hentry"],"_links":{"self":[{"href":"https:\/\/www.hokido.de\/index.php?rest_route=\/wp\/v2\/pages\/391","targetHints":{"allow":["GET"]}}],"collection":[{"href":"https:\/\/www.hokido.de\/index.php?rest_route=\/wp\/v2\/pages"}],"about":[{"href":"https:\/\/www.hokido.de\/index.php?rest_route=\/wp\/v2\/types\/page"}],"author":[{"embeddable":true,"href":"https:\/\/www.hokido.de\/index.php?rest_route=\/wp\/v2\/users\/1"}],"replies":[{"embeddable":true,"href":"https:\/\/www.hokido.de\/index.php?rest_route=%2Fwp%2Fv2%2Fcomments&post=391"}],"version-history":[{"count":31,"href":"https:\/\/www.hokido.de\/index.php?rest_route=\/wp\/v2\/pages\/391\/revisions"}],"predecessor-version":[{"id":1979,"href":"https:\/\/www.hokido.de\/index.php?rest_route=\/wp\/v2\/pages\/391\/revisions\/1979"}],"up":[{"embeddable":true,"href":"https:\/\/www.hokido.de\/index.php?rest_route=\/wp\/v2\/pages\/9"}],"wp:attachment":[{"href":"https:\/\/www.hokido.de\/index.php?rest_route=%2Fwp%2Fv2%2Fmedia&parent=391"}],"curies":[{"name":"wp","href":"https:\/\/api.w.org\/{rel}","templated":true}]}}