{"id":15,"date":"2013-11-30T15:34:47","date_gmt":"2013-11-30T13:34:47","guid":{"rendered":"http:\/\/localhost\/wordpress\/?page_id=15"},"modified":"2026-02-09T23:46:25","modified_gmt":"2026-02-09T21:46:25","slug":"familienzentrum","status":"publish","type":"page","link":"https:\/\/www.hokido.de\/?page_id=15","title":{"rendered":"Familienzentrum"},"content":{"rendered":"\n<p>Das Land NRW unterst\u00fctzt die Gr\u00fcndung von Familienzentren. Das Ziel ist es, Angebote zur F\u00f6rderung und zur Unterst\u00fctzung von Kindern und Familien in unterschiedlichen Lebenslagen und mit unterschiedlichen Bed\u00fcrfnissen bereitzustellen.<\/p>\n\n\n\n<p>Seit 2007 ist der HoKiDo eines der ersten Familienzentren in NRW! Wir bieten in diesem Rahmen eine Vielzahl von Unterst\u00fctzung und Aktivit\u00e4ten an.<\/p>\n\n\n\n<p>Das Familienzentrum ist in unterschiedliche Qualit\u00e4tsbereiche aufgeteilt. Diese sind im Wesentlichen:<\/p>\n\n\n\n<p><strong>Familienbildung und Erziehungspartnerschaft<\/strong><\/p>\n\n\n\n<p>\u2022 Beratung zur &#8222;Inklusion&#8220;<br>\u2022 Ungest\u00f6rte Beratungssituation &amp; Vertrauensschutz (&#8222;Beratungsb\u00fcro&#8220;)<\/p>\n\n\n\n<p><strong>Vereinbarkeit von Familie und Beruf<\/strong><\/p>\n\n\n\n<p>\u2022 Kinderkurzzeitbetreuung (KuKi)<\/p>\n\n\n\n<p><strong>Kooperationen<\/strong><br>\u2022 Familienb\u00fcro Hombruch<br>\u2022 Bewegungsambolatorium<br>\u2022 TU Dortmund<br>\u2022 KEFB an der Ruhr<br>\u2022 Musikschule Dortmund<\/p>\n\n\n\n<p>Unsere Angebote werden sich zuk\u00fcnftig noch erweitern. Die Angebote des Familienzentrums richten sich an Familien des Einzugsgebietes der TU Dortmund und des Technologie Zentrums Dortmund.<\/p>\n\n\n\n<hr class=\"wp-block-separator has-css-opacity\"\/>\n\n\n\n<h3 class=\"wp-block-heading\"><em>English version<\/em>&nbsp;<img decoding=\"async\" style=\"vertical-align: text-top;\" src=\"http:\/\/www.hokido-acc.de\/wp-content\/uploads\/2015\/01\/uk.png\" alt=\"english version\" width=\"16\" border=\"0\"><\/h3>\n\n\n\n<p>North Rhine-Westphalia (NRW) supports the formation of family centers. Such centers offer opportunities and support for children and families in different circumstances and with different needs.<\/p>\n\n\n\n<p>The family center of HoKiDo has been founded in 2007 as one of the first centers in NRW! We are offering a multitude of support programs and activities.<\/p>\n\n\n\n<p>The family center is divided into different quality areas. These are<\/p>\n\n\n\n<p><strong>Family education and educational partnership<\/strong><\/p>\n\n\n\n<ul class=\"wp-block-list\">\n<li>Counselling on &#8222;Inclusion&#8220;<\/li>\n\n\n\n<li>Undisturbed counselling situation &amp; protection of trust (&#8222;counselling office&#8220;)<\/li>\n<\/ul>\n\n\n\n<p><strong>Compatibility of family and career<\/strong><\/p>\n\n\n\n<ul class=\"wp-block-list\">\n<li>Short-term day care (KuKi)arent network<\/li>\n<\/ul>\n\n\n\n<p><strong>Cooperations<\/strong><\/p>\n\n\n\n<ul class=\"wp-block-list\">\n<li>Familienb\u00fcro Hombruch<\/li>\n\n\n\n<li>Bewegungsambolatorium<\/li>\n\n\n\n<li>Technical University Dortmund<\/li>\n\n\n\n<li>KEFB an der Ruhr<\/li>\n\n\n\n<li>Musikschule Dortmund<\/li>\n<\/ul>\n\n\n\n<p>We are planning to extend our offers to families in the future. All activities of the family center are directed to families within the catchment area of the Technical University Dortmund and the Technology center Dortmund.<\/p>\n","protected":false},"excerpt":{"rendered":"<p>Das Land NRW unterst\u00fctzt die Gr\u00fcndung von Familienzentren. Das Ziel ist es, Angebote zur F\u00f6rderung und zur Unterst\u00fctzung von Kindern und Familien in unterschiedlichen Lebenslagen und mit unterschiedlichen Bed\u00fcrfnissen bereitzustellen. Seit 2007 ist der HoKiDo eines der ersten Familienzentren in NRW! Wir bieten in diesem Rahmen eine Vielzahl von Unterst\u00fctzung und Aktivit\u00e4ten an. Das Familienzentrum [&hellip;]<\/p>\n","protected":false},"author":1287,"featured_media":104,"parent":0,"menu_order":2,"comment_status":"closed","ping_status":"closed","template":"","meta":{"footnotes":""},"class_list":["post-15","page","type-page","status-publish","has-post-thumbnail","hentry"],"_links":{"self":[{"href":"https:\/\/www.hokido.de\/index.php?rest_route=\/wp\/v2\/pages\/15","targetHints":{"allow":["GET"]}}],"collection":[{"href":"https:\/\/www.hokido.de\/index.php?rest_route=\/wp\/v2\/pages"}],"about":[{"href":"https:\/\/www.hokido.de\/index.php?rest_route=\/wp\/v2\/types\/page"}],"author":[{"embeddable":true,"href":"https:\/\/www.hokido.de\/index.php?rest_route=\/wp\/v2\/users\/1287"}],"replies":[{"embeddable":true,"href":"https:\/\/www.hokido.de\/index.php?rest_route=%2Fwp%2Fv2%2Fcomments&post=15"}],"version-history":[{"count":17,"href":"https:\/\/www.hokido.de\/index.php?rest_route=\/wp\/v2\/pages\/15\/revisions"}],"predecessor-version":[{"id":1699,"href":"https:\/\/www.hokido.de\/index.php?rest_route=\/wp\/v2\/pages\/15\/revisions\/1699"}],"wp:featuredmedia":[{"embeddable":true,"href":"https:\/\/www.hokido.de\/index.php?rest_route=\/wp\/v2\/media\/104"}],"wp:attachment":[{"href":"https:\/\/www.hokido.de\/index.php?rest_route=%2Fwp%2Fv2%2Fmedia&parent=15"}],"curies":[{"name":"wp","href":"https:\/\/api.w.org\/{rel}","templated":true}]}}