{"id":1452,"date":"2021-11-29T16:48:48","date_gmt":"2021-11-29T14:48:48","guid":{"rendered":"http:\/\/www.hokido-acc.de\/?page_id=1452"},"modified":"2024-07-31T20:50:45","modified_gmt":"2024-07-31T18:50:45","slug":"brite","status":"publish","type":"page","link":"https:\/\/www.hokido.de\/","title":{"rendered":"Willkommen im HoKiDo!"},"content":{"rendered":"\n<p>Der HoKiDo e.V. auf dem Campus der TU Dortmund ist eine eigenst\u00e4ndige Elterninitiative, die bereits 1977 gegr\u00fcndet wurde. Der HoKiDo ist nicht nur Kindertagesst\u00e4tte, sondern auch Familienzentrum. Das neue Geb\u00e4ude wurde 2011 bezogen und ist barrierefrei und nach aktuellen Erkenntnissen gestaltet. <\/p>\n\n\n\n<hr class=\"wp-block-separator has-css-opacity is-style-default\"\/>\n\n\n\n<h5 class=\"wp-block-heading\">Welcome to HoKiDo! <img loading=\"lazy\" decoding=\"async\" width=\"20\" height=\"20\" class=\"wp-image-676\" style=\"width: 20px;\" src=\"https:\/\/www.hokido.de\/wp-content\/uploads\/2015\/01\/uk.png\" alt=\"\"><\/h5>\n\n\n\n<p>The HoKiDo e.V. on the TU Dortmund campus is an independent parents&#8216; initiative that was founded back in 1977. The Hokido is not only a daycare center, but also a family center. The new building was occupied in 2011 and is barrier-free and designed according to current knowledge. <\/p>\n\n\n\n<p><\/p>\n","protected":false},"excerpt":{"rendered":"<p>Der HoKiDo e.V. auf dem Campus der TU Dortmund ist eine eigenst\u00e4ndige Elterninitiative, die bereits 1977 gegr\u00fcndet wurde. Der HoKiDo ist nicht nur Kindertagesst\u00e4tte, sondern auch Familienzentrum. Das neue Geb\u00e4ude wurde 2011 bezogen und ist barrierefrei und nach aktuellen Erkenntnissen gestaltet. Welcome to HoKiDo! The HoKiDo e.V. on the TU Dortmund campus is an independent [&hellip;]<\/p>\n","protected":false},"author":1,"featured_media":142,"parent":0,"menu_order":0,"comment_status":"closed","ping_status":"closed","template":"page-templates\/front-page.php","meta":{"footnotes":""},"class_list":["post-1452","page","type-page","status-publish","has-post-thumbnail","hentry"],"_links":{"self":[{"href":"https:\/\/www.hokido.de\/index.php?rest_route=\/wp\/v2\/pages\/1452","targetHints":{"allow":["GET"]}}],"collection":[{"href":"https:\/\/www.hokido.de\/index.php?rest_route=\/wp\/v2\/pages"}],"about":[{"href":"https:\/\/www.hokido.de\/index.php?rest_route=\/wp\/v2\/types\/page"}],"author":[{"embeddable":true,"href":"https:\/\/www.hokido.de\/index.php?rest_route=\/wp\/v2\/users\/1"}],"replies":[{"embeddable":true,"href":"https:\/\/www.hokido.de\/index.php?rest_route=%2Fwp%2Fv2%2Fcomments&post=1452"}],"version-history":[{"count":14,"href":"https:\/\/www.hokido.de\/index.php?rest_route=\/wp\/v2\/pages\/1452\/revisions"}],"predecessor-version":[{"id":1806,"href":"https:\/\/www.hokido.de\/index.php?rest_route=\/wp\/v2\/pages\/1452\/revisions\/1806"}],"wp:featuredmedia":[{"embeddable":true,"href":"https:\/\/www.hokido.de\/index.php?rest_route=\/wp\/v2\/media\/142"}],"wp:attachment":[{"href":"https:\/\/www.hokido.de\/index.php?rest_route=%2Fwp%2Fv2%2Fmedia&parent=1452"}],"curies":[{"name":"wp","href":"https:\/\/api.w.org\/{rel}","templated":true}]}}