{"id":131,"date":"2013-12-01T14:00:17","date_gmt":"2013-12-01T12:00:17","guid":{"rendered":"http:\/\/localhost\/wordpress\/?page_id=131"},"modified":"2025-03-24T08:26:19","modified_gmt":"2025-03-24T06:26:19","slug":"tagesablauf","status":"publish","type":"page","link":"https:\/\/www.hokido.de\/?page_id=131","title":{"rendered":"Tagesablauf und Aktivit\u00c3\u00a4ten"},"content":{"rendered":"\n<p>Die Kinder k\u00f6nnen ab 07:15 bzw. 07:20 Uhr in die Kita gebracht werden. Von 08:00 Uhr bis 9:30 Uhr findet bei uns das \u201eoffene Fr\u00fchst\u00fcck\u201c statt. In dieser Zeit k\u00f6nnen die Kinder nach ihren eigenen Bed\u00fcrfnissen fr\u00fchst\u00fccken. In Begleitung der Erzieherinnen k\u00f6nnen die Kinder zwischen Wurst, Brot, K\u00e4se und M\u00fcsli ausw\u00e4hlen. Nach dem Z\u00e4hneputzen und Tisch abr\u00e4umen ist es Zeit zum Malen, Spielen und Basteln. Um 12 Uhr wird das Mittagessen serviert. Anschlie\u00dfend k\u00f6nnen die J\u00fcngeren ihre Mittagsruhe halten. Auch die \u00c4lteren k\u00f6nnen beim Vorlesen oder Musikh\u00f6ren etwas abschalten, bevor dann wieder gespielt und getobt wird. Von 14:30 Uhr bis 15:00 Uhr findet unser \u201eSnack\u201c mit Obst, Waffeln oder Quark statt. \u00a0Die Kita schlie\u00dft um 16:30 Uhr (Do. und Fr. um 16:00 Uhr).<\/p>\n\n\n\n<p>Zu den besonderen Wochenhighlights z\u00e4hlen die Musikschule, der Waldtag, das Schwimmen, die Logop\u00e4die und die Bewegungsstunden mit dem Bewegungsambulatorium.<\/p>\n\n\n\n<p>Die Gr\u00f6\u00dferen ab 4 Jahren brechen einmal w\u00f6chentlich um 09:00 Uhr zum Waldtag auf. Dar\u00fcber hinaus besucht uns einmal in der Woche das Bewegungsambulatorium und bei Bedarf bieten wir auch Logop\u00e4die an. Donnerstags haben unsere Vorschulkinder die M\u00f6glichkeit, am Schwimmunterricht teilzunehmen.<\/p>\n","protected":false},"excerpt":{"rendered":"<p>Die Kinder k\u00f6nnen ab 07:15 bzw. 07:20 Uhr in die Kita gebracht werden. Von 08:00 Uhr bis 9:30 Uhr findet bei uns das \u201eoffene Fr\u00fchst\u00fcck\u201c statt. In dieser Zeit k\u00f6nnen die Kinder nach ihren eigenen Bed\u00fcrfnissen fr\u00fchst\u00fccken. In Begleitung der Erzieherinnen k\u00f6nnen die Kinder zwischen Wurst, Brot, K\u00e4se und M\u00fcsli ausw\u00e4hlen. Nach dem Z\u00e4hneputzen und [&hellip;]<\/p>\n","protected":false},"author":1,"featured_media":0,"parent":9,"menu_order":1,"comment_status":"closed","ping_status":"open","template":"","meta":{"footnotes":""},"class_list":["post-131","page","type-page","status-publish","hentry"],"_links":{"self":[{"href":"https:\/\/www.hokido.de\/index.php?rest_route=\/wp\/v2\/pages\/131","targetHints":{"allow":["GET"]}}],"collection":[{"href":"https:\/\/www.hokido.de\/index.php?rest_route=\/wp\/v2\/pages"}],"about":[{"href":"https:\/\/www.hokido.de\/index.php?rest_route=\/wp\/v2\/types\/page"}],"author":[{"embeddable":true,"href":"https:\/\/www.hokido.de\/index.php?rest_route=\/wp\/v2\/users\/1"}],"replies":[{"embeddable":true,"href":"https:\/\/www.hokido.de\/index.php?rest_route=%2Fwp%2Fv2%2Fcomments&post=131"}],"version-history":[{"count":12,"href":"https:\/\/www.hokido.de\/index.php?rest_route=\/wp\/v2\/pages\/131\/revisions"}],"predecessor-version":[{"id":1978,"href":"https:\/\/www.hokido.de\/index.php?rest_route=\/wp\/v2\/pages\/131\/revisions\/1978"}],"up":[{"embeddable":true,"href":"https:\/\/www.hokido.de\/index.php?rest_route=\/wp\/v2\/pages\/9"}],"wp:attachment":[{"href":"https:\/\/www.hokido.de\/index.php?rest_route=%2Fwp%2Fv2%2Fmedia&parent=131"}],"curies":[{"name":"wp","href":"https:\/\/api.w.org\/{rel}","templated":true}]}}